{"id":14,"date":"2023-09-26T12:13:14","date_gmt":"2023-09-26T12:13:14","guid":{"rendered":"https:\/\/smartaas.se\/?page_id=14"},"modified":"2023-11-01T08:26:56","modified_gmt":"2023-11-01T08:26:56","slug":"smartaas-prenumerera-pa-smart-content","status":"publish","type":"page","link":"https:\/\/smartaas.se\/en\/","title":{"rendered":"SmartAAS \u2013 Subscribe to smart content"},"content":{"rendered":"<div class=\"wp-block-group smartgrupp-kn\"><div class=\"wp-block-group__inner-container is-layout-constrained wp-block-group-is-layout-constrained\">\n<h1 class=\"wp-block-heading has-text-align-center\">Subscribe to <br class=\"mobileonly-kn\"> <em>SmartContent &amp; SmartMarketing<\/em><br>\u2013 pay for what you need.<\/h1>\n<\/div><\/div>\n\n\n\n<figure class=\"wp-block-image size-full header-kn\"><img loading=\"lazy\" decoding=\"async\" width=\"800\" height=\"800\" src=\"https:\/\/smartaas.se\/wp-content\/uploads\/HEADER-dyrt-med-Mark-utan-ram.jpg\" alt=\"\" class=\"wp-image-157\" srcset=\"https:\/\/smartaas.se\/wp-content\/uploads\/HEADER-dyrt-med-Mark-utan-ram.jpg 800w, https:\/\/smartaas.se\/wp-content\/uploads\/HEADER-dyrt-med-Mark-utan-ram-300x300.jpg 300w, https:\/\/smartaas.se\/wp-content\/uploads\/HEADER-dyrt-med-Mark-utan-ram-150x150.jpg 150w, https:\/\/smartaas.se\/wp-content\/uploads\/HEADER-dyrt-med-Mark-utan-ram-768x768.jpg 768w\" sizes=\"auto, (max-width: 800px) 100vw, 800px\" \/><\/figure>\n\n\n\n<figure class=\"wp-block-image size-large headerprat-kn\"><img decoding=\"async\" src=\"https:\/\/smartaas.se\/wp-content\/uploads\/Are-you-paying-too-much-OL.svg\" alt=\"\" class=\"wp-image-155\"\/><\/figure>\n\n\n\n<div class=\"wp-block-citadela-blocks-custom-container citadela-block-custom-container size-wide bg-type-color inside-space-none has-bg vitemellan\" style=\"background-color:rgba(255, 255, 255, 1)\"><div class=\"inner-holder\">\n<div class=\"wp-block-group bollar-kn\"><div class=\"wp-block-group__inner-container is-layout-constrained wp-block-group-is-layout-constrained\">\n<div class=\"wp-block-group storboll-kn\"><div class=\"wp-block-group__inner-container is-layout-constrained wp-block-group-is-layout-constrained\">\n<h2 class=\"wp-block-heading has-text-align-center\">When you work with SmartAAS, you <br class=\"nomobile-kn\">always know what we are doing for you <br class=\"nomobile-kn\">and you understand what you are paying for<\/h2>\n\n\n\n<p class=\"has-text-align-center\">No long coffee-break meetings, no commercial film trips, <br class=\"nomobile-kn\">no exclusive French pastries or six course dinners with <br class=\"nomobile-kn\">expensive wines. Only effective, proven communication <br class=\"nomobile-kn\">and production according to your needs.<\/p>\n\n\n\n<div class=\"wp-block-group prislada-kn\"><div class=\"wp-block-group__inner-container is-layout-constrained wp-block-group-is-layout-constrained\">\n<p class=\"has-text-align-center\"><a href=\"#kontakt\">Try 30 days without commitment<\/a><\/p>\n\n\n\n<h3 class=\"wp-block-heading has-text-align-center\"><a href=\"#kontakt\">from $349\/month<\/a><\/h3>\n<\/div><\/div>\n<\/div><\/div>\n<\/div><\/div>\n\n\n\n<div class=\"wp-block-group bollar-kn\"><div class=\"wp-block-group__inner-container is-layout-constrained wp-block-group-is-layout-constrained\">\n<div class=\"wp-block-group storboll2-kn\"><div class=\"wp-block-group__inner-container is-layout-constrained wp-block-group-is-layout-constrained\">\n<h3 class=\"wp-block-heading has-text-align-center\">A completely new service with roots in the 20th century.<\/h3>\n\n\n\n<p class=\"has-text-align-center\">The creators of the subscription service SmartAAS are two veterans in digital marketing: <em>Daniel Bl\u00e5<\/em> and <em>Klas Nivlin<\/em>. If you are not familiar with them, it might be good to know that they have been hired by the following companies in various projects over many years:<\/p>\n\n\n<div class=\"wp-block-image\">\n<figure class=\"aligncenter size-full\"><img loading=\"lazy\" decoding=\"async\" width=\"938\" height=\"700\" src=\"https:\/\/smartaas.se\/wp-content\/uploads\/logo_bildspel_smart.gif\" alt=\"\" class=\"wp-image-251\"\/><\/figure>\n<\/div>\n\n\n<p class=\"has-text-align-center\">Apoteket, Avanza, Blixten&nbsp;&amp;&nbsp;Co, Bonnier&nbsp;Media&nbsp;Group, <br class=\"nomobile-kn\">Carnegie, Cheap&nbsp;Monday, Digitalenta, Expect, Fortum, <br class=\"nomobile-kn\">Frank&nbsp;Dandy, Houdini&nbsp;Sportswear, HunkyDory, ICA&nbsp;Banken, IQ, <br class=\"nomobile-kn\">JM&nbsp;Bygg, Kanal&nbsp;5, Kl\u00e4ttermusen, Kommunal, Kronan, Microsoft, <br class=\"nomobile-kn\">Moderna&nbsp;Museet, Monki, Mr&nbsp;Green, OCAB, OddMolly, OfficeDepot, <br class=\"nomobile-kn\">Pernod\/Ricard, RagnSells, Reviderm, RFSL&nbsp;Stockholm, Stockholms&nbsp;stad, <br class=\"nomobile-kn\">Svenska&nbsp;Spel, SVT, Taxi&nbsp;Stockholm, Unionen, Weekday, WeSC, \u00c5bro<\/p>\n\n\n\n<p class=\"has-text-align-center\"><em>We have worked with the following advertising agencies, among others: <\/em><br>ANR&nbsp;BBDO, Forsman&nbsp;&amp;&nbsp;Bodenfors, Le&nbsp;Buerau, Stor\u00e5kers&nbsp;McCann, TBWA&nbsp;<\/p>\n\n\n\n<p class=\"has-text-align-center\">This is of course just a sampling. We have, after all, worked for more than 60 years with digital communication.<\/p>\n\n\n\n<h4 class=\"wp-block-heading has-text-align-center\">What can you get help with from SmartAAS?:<\/h4>\n\n\n\n<p class=\"has-text-align-center\">We work with everything from strategy to implementation. <br class=\"nomobile-kn\">This means that our everyday life is SEO, SEM, CRO, CRM, <br class=\"nomobile-kn\">Growth Hacking, Digital Design, SalesFunnels, Digital Advertising, <br class=\"nomobile-kn\">Google Analytics, Online Strategy, FrontEnd, BackEnd, etc.<\/p>\n<\/div><\/div>\n<\/div><\/div>\n<\/div><\/div>\n\n\n\n<div id=\"kontakt\" class=\"wp-block-group kontaktruta-kn\"><div class=\"wp-block-group__inner-container is-layout-constrained wp-block-group-is-layout-constrained\">\n<h3 class=\"wp-block-heading has-text-align-center\">I also want to be Smart<\/h3>\n\n\n\n<p class=\"has-text-align-center\">I would like to know how SmartAAS can help me and my business. <br>Contact me.<\/p>\n\n\n\n<div class=\"wp-block-contact-form-7-contact-form-selector form-kn\">\n<div class=\"wpcf7 no-js\" id=\"wpcf7-f56-o1\" lang=\"sv-SE\" dir=\"ltr\" data-wpcf7-id=\"56\">\n<div class=\"screen-reader-response\"><p role=\"status\" aria-live=\"polite\" aria-atomic=\"true\"><\/p> <ul><\/ul><\/div>\n<form action=\"\/en\/wp-json\/wp\/v2\/pages\/14#wpcf7-f56-o1\" method=\"post\" class=\"wpcf7-form init\" aria-label=\"Kontaktformul\u00e4r\" novalidate=\"novalidate\" data-status=\"init\" data-trp-original-action=\"\/en\/wp-json\/wp\/v2\/pages\/14#wpcf7-f56-o1\">\n<div style=\"display: none;\">\n<input type=\"hidden\" name=\"_wpcf7\" value=\"56\" \/>\n<input type=\"hidden\" name=\"_wpcf7_version\" value=\"6.0.3\" \/>\n<input type=\"hidden\" name=\"_wpcf7_locale\" value=\"sv_SE\" \/>\n<input type=\"hidden\" name=\"_wpcf7_unit_tag\" value=\"wpcf7-f56-o1\" \/>\n<input type=\"hidden\" name=\"_wpcf7_container_post\" value=\"0\" \/>\n<input type=\"hidden\" name=\"_wpcf7_posted_data_hash\" value=\"\" \/>\n<\/div>\n<div class=\"uacf7-form-56\"><label>Name\n    <span class=\"wpcf7-form-control-wrap\" data-name=\"your-name\"><input size=\"40\" maxlength=\"400\" class=\"wpcf7-form-control wpcf7-text wpcf7-validates-as-required\" autocomplete=\"name\" aria-required=\"true\" aria-invalid=\"false\" value=\"\" type=\"text\" name=\"your-name\" \/><\/span> <\/label>\n\n<label>E-mail\n    <span class=\"wpcf7-form-control-wrap\" data-name=\"your-email\"><input size=\"40\" maxlength=\"400\" class=\"wpcf7-form-control wpcf7-email wpcf7-validates-as-required wpcf7-text wpcf7-validates-as-email\" autocomplete=\"email\" aria-required=\"true\" aria-invalid=\"false\" value=\"\" type=\"email\" name=\"your-email\" \/><\/span> <\/label>\n\n<label>Phone\n    <span class=\"wpcf7-form-control-wrap\" data-name=\"your-phone\"><input size=\"40\" maxlength=\"400\" class=\"wpcf7-form-control wpcf7-text\" aria-invalid=\"false\" value=\"\" type=\"text\" name=\"your-phone\" \/><\/span> <\/label>\n\n<label> Message (optional)\n    <span class=\"wpcf7-form-control-wrap\" data-name=\"your-message\"><textarea cols=\"40\" rows=\"10\" maxlength=\"2000\" class=\"wpcf7-form-control wpcf7-textarea\" aria-invalid=\"false\" name=\"your-message\"><\/textarea><\/span> <\/label>\n\n<span class=\"wpcf7-form-control-wrap\" data-name=\"Nyhetsbrev\"><span class=\"wpcf7-form-control wpcf7-checkbox\"><span class=\"wpcf7-list-item first last\"><label><input type=\"checkbox\" name=\"Nyhetsbrev[]\" value=\"Jag vill ha ert nyhetsbrev\" \/><span class=\"wpcf7-list-item-label\">I want your newsletter<\/span><\/label><\/span><\/span><\/span>\n\n<input class=\"wpcf7-form-control wpcf7-submit has-spinner\" type=\"submit\" value=\"Try SmartAAS\" \/><\/div><div class=\"wpcf7-response-output\" aria-hidden=\"true\"><\/div>\n<input type=\"hidden\" name=\"trp-form-language\" value=\"en\"\/><\/form>\n<\/div>\n<\/div>\n<\/div><\/div>\n\n\n\n<div class=\"wp-block-group internallinks-kn\"><div class=\"wp-block-group__inner-container is-layout-constrained wp-block-group-is-layout-constrained\">\n<h2 class=\"wp-block-heading has-text-align-center\">SmartAAS is a subscription to SmartContent and SmartMarketing.<\/h2>\n\n\n\n<div class=\"wp-block-group internallink-kn\"><div class=\"wp-block-group__inner-container is-layout-constrained wp-block-group-is-layout-constrained\">\n<p class=\"has-text-align-left\"><strong>SmartContent<\/strong> is social media posts, blogs, newsletter content and other information that builds your SEO, strengthens your customer journey, your brand, and attracts more customers.<\/p>\n\n\n\n<p class=\"has-text-align-left\"><a href=\"https:\/\/smartaas.se\/en\/smartcontent-ar-innehall-med-mal-och-syfte\/\">Learn more about SmartContent\u2122<\/a><\/p>\n<\/div><\/div>\n\n\n\n<div class=\"wp-block-group internallink-kn\"><div class=\"wp-block-group__inner-container is-layout-constrained wp-block-group-is-layout-constrained\">\n<p class=\"has-text-align-left\"><strong>SmartMarketing<\/strong> is social media, Google and banner advertising that strengthens your brand, increases your likeability, and attracts more customers.<\/p>\n\n\n\n<p class=\"has-text-align-left\"><a href=\"https:\/\/smartaas.se\/en\/smartmarketing-ar-annonsering-med-mal-och-syfte\/\">Learn more about SmartMarketing\u2122<\/a><\/p>\n<\/div><\/div>\n<\/div><\/div>\n\n\n\n<div class=\"wp-block-citadela-blocks-custom-container citadela-block-custom-container size-content bg-type-color inside-space-none has-bg fotkluster-kn\" style=\"background-color:rgba(255, 255, 255, 1)\"><div class=\"inner-holder\"><div class=\"wp-block-image facebook-kn\">\n<figure class=\"aligncenter size-full\"><a href=\"https:\/\/www.facebook.com\/smartasaservice\"><img loading=\"lazy\" decoding=\"async\" width=\"300\" height=\"300\" src=\"https:\/\/smartaas.se\/wp-content\/uploads\/300x300-facebook-Logo.png\" alt=\"\" class=\"wp-image-171\" srcset=\"https:\/\/smartaas.se\/wp-content\/uploads\/300x300-facebook-Logo.png 300w, https:\/\/smartaas.se\/wp-content\/uploads\/300x300-facebook-Logo-150x150.png 150w\" sizes=\"auto, (max-width: 300px) 100vw, 300px\" \/><\/a><\/figure>\n<\/div><\/div><\/div>","protected":false},"excerpt":{"rendered":"<p>Prenumerera p\u00e5 SmartContent &amp; SmartMarketing\u2013 betala bara f\u00f6r det du beh\u00f6ver. Jag vill ocks\u00e5 vara Smart Jag vill g\u00e4rna veta hur SmartAAS kan hj\u00e4lpa mig och min verksamhet. Kontakta mig. SmartAAS l\u00e5ter dig prenumerera p\u00e5 SmartContent och SmartMarketing. SmartContent \u00e4r inl\u00e4gg i sociala medier, bloggar, inneh\u00e5ll i nyhetsbrev och annan information som bygger din SEO, [&hellip;]<\/p>","protected":false},"author":1,"featured_media":272,"parent":0,"menu_order":0,"comment_status":"closed","ping_status":"closed","template":"","meta":{"inline_featured_image":false,"_citadela_hide_page_title":"1","_citadela_remove_header_space":"1","_citadela_custom_class":"","_citadela_half_map_provider":"","_citadela_half_map_theme":"","_citadela_half_map_themeOSM":"","_citadela_half_map_customTheme":"","_citadela_half_map_dataType":"","_citadela_half_map_dynamicTrack":false,"_citadela_half_map_trackColor":"","_citadela_half_map_trackEndpointsColor":"","_citadela_half_map_filterCategory":"","_citadela_half_map_filterLocation":"","_citadela_half_map_filterFeatured":false,"_citadela_half_map_noDataBehavior":"empty-map","_citadela_half_map_noDataText":"","_citadela_half_map_clusterGridSize":80,"_citadela_header":false,"_citadela_header_over_content":false,"_citadela_header_text_color":"","_citadela_header_logo":[],"_citadela_header_bg_image":[],"_citadela_header_bg_position":{"x":0.5,"y":0.5},"_citadela_header_bg_size":"cover","_citadela_header_bg_repeat":"no-repeat","_citadela_header_bg_fixed":false,"_citadela_header_bg_color":"","_citadela_header_bg_image_overlay":"","_citadela_header_transparent_bg":false,"_citadela_content_width":"","_citadela_half_layout_position":"","footnotes":""},"class_list":["post-14","page","type-page","status-publish","has-post-thumbnail","hentry"],"yoast_head":"<!-- This site is optimized with the Yoast SEO plugin v24.2 - https:\/\/yoast.com\/wordpress\/plugins\/seo\/ -->\n<title>SmartAAS \u2013 Prenumerera p\u00e5 smart content<\/title>\n<meta name=\"description\" content=\"SmartAAS \u00e4r en prenumerationstj\u00e4nst f\u00f6r inneh\u00e5ll och annonser som bygger din SEO, ditt varum\u00e4rke och attraherar fler kunder.\" \/>\n<meta name=\"robots\" content=\"index, follow, max-snippet:-1, max-image-preview:large, max-video-preview:-1\" \/>\n<link rel=\"canonical\" href=\"https:\/\/smartaas.se\/en\/\" \/>\n<meta property=\"og:locale\" content=\"en_US\" \/>\n<meta property=\"og:type\" content=\"article\" \/>\n<meta property=\"og:title\" content=\"Prenumerera p\u00e5 Smart Content\" \/>\n<meta property=\"og:description\" content=\"SmartAAS \u00e4r en prenumerationstj\u00e4nst f\u00f6r inneh\u00e5ll och annonser som bygger din SEO, ditt varum\u00e4rke och attraherar fler kunder.\" \/>\n<meta property=\"og:url\" content=\"https:\/\/smartaas.se\/en\/\" \/>\n<meta property=\"og:site_name\" content=\"SmartAAS\" \/>\n<meta property=\"article:publisher\" content=\"https:\/\/www.facebook.com\/smartasaservice\" \/>\n<meta property=\"article:modified_time\" content=\"2023-11-01T08:26:56+00:00\" \/>\n<meta property=\"og:image\" content=\"https:\/\/smartaas.se\/wp-content\/uploads\/1200x627-featuredImage.jpg\" \/>\n\t<meta property=\"og:image:width\" content=\"1200\" \/>\n\t<meta property=\"og:image:height\" content=\"627\" \/>\n\t<meta property=\"og:image:type\" content=\"image\/jpeg\" \/>\n<meta name=\"twitter:card\" content=\"summary_large_image\" \/>\n<meta name=\"twitter:label1\" content=\"Est. reading time\" \/>\n\t<meta name=\"twitter:data1\" content=\"3 minutes\" \/>\n<script type=\"application\/ld+json\" class=\"yoast-schema-graph\">{\"@context\":\"https:\/\/schema.org\",\"@graph\":[{\"@type\":\"WebPage\",\"@id\":\"https:\/\/smartaas.se\/\",\"url\":\"https:\/\/smartaas.se\/\",\"name\":\"SmartAAS \u2013 Prenumerera p\u00e5 smart content\",\"isPartOf\":{\"@id\":\"https:\/\/smartaas.se\/#website\"},\"primaryImageOfPage\":{\"@id\":\"https:\/\/smartaas.se\/#primaryimage\"},\"image\":{\"@id\":\"https:\/\/smartaas.se\/#primaryimage\"},\"thumbnailUrl\":\"https:\/\/smartaas.se\/wp-content\/uploads\/1200x627-featuredImage.jpg\",\"datePublished\":\"2023-09-26T12:13:14+00:00\",\"dateModified\":\"2023-11-01T08:26:56+00:00\",\"description\":\"SmartAAS \u00e4r en prenumerationstj\u00e4nst f\u00f6r inneh\u00e5ll och annonser som bygger din SEO, ditt varum\u00e4rke och attraherar fler kunder.\",\"breadcrumb\":{\"@id\":\"https:\/\/smartaas.se\/#breadcrumb\"},\"inLanguage\":\"en-US\",\"potentialAction\":[{\"@type\":\"ReadAction\",\"target\":[\"https:\/\/smartaas.se\/\"]}]},{\"@type\":\"ImageObject\",\"inLanguage\":\"en-US\",\"@id\":\"https:\/\/smartaas.se\/#primaryimage\",\"url\":\"https:\/\/smartaas.se\/wp-content\/uploads\/1200x627-featuredImage.jpg\",\"contentUrl\":\"https:\/\/smartaas.se\/wp-content\/uploads\/1200x627-featuredImage.jpg\",\"width\":1200,\"height\":627},{\"@type\":\"BreadcrumbList\",\"@id\":\"https:\/\/smartaas.se\/#breadcrumb\",\"itemListElement\":[{\"@type\":\"ListItem\",\"position\":1,\"name\":\"Hem\",\"item\":\"https:\/\/smartaas.se\/\"},{\"@type\":\"ListItem\",\"position\":2,\"name\":\"SmartAAS \u2013 Prenumerera p\u00e5 smart content\"}]},{\"@type\":\"WebSite\",\"@id\":\"https:\/\/smartaas.se\/#website\",\"url\":\"https:\/\/smartaas.se\/\",\"name\":\"SmartAAS\",\"description\":\"Prenumerera p\u00e5 smart content \u2013 betala bara f\u00f6r det du beh\u00f6ver.\",\"publisher\":{\"@id\":\"https:\/\/smartaas.se\/#organization\"},\"potentialAction\":[{\"@type\":\"SearchAction\",\"target\":{\"@type\":\"EntryPoint\",\"urlTemplate\":\"https:\/\/smartaas.se\/?s={search_term_string}\"},\"query-input\":{\"@type\":\"PropertyValueSpecification\",\"valueRequired\":true,\"valueName\":\"search_term_string\"}}],\"inLanguage\":\"en-US\"},{\"@type\":\"Organization\",\"@id\":\"https:\/\/smartaas.se\/#organization\",\"name\":\"SmartAAS\",\"alternateName\":\"Smart-as-a-Service\",\"url\":\"https:\/\/smartaas.se\/\",\"logo\":{\"@type\":\"ImageObject\",\"inLanguage\":\"en-US\",\"@id\":\"https:\/\/smartaas.se\/#\/schema\/logo\/image\/\",\"url\":\"https:\/\/smartaas.se\/wp-content\/uploads\/animated-logo-with-name.gif\",\"contentUrl\":\"https:\/\/smartaas.se\/wp-content\/uploads\/animated-logo-with-name.gif\",\"width\":200,\"height\":250,\"caption\":\"SmartAAS\"},\"image\":{\"@id\":\"https:\/\/smartaas.se\/#\/schema\/logo\/image\/\"},\"sameAs\":[\"https:\/\/www.facebook.com\/smartasaservice\",\"https:\/\/www.linkedin.com\/company\/smartaas\/\"]}]}<\/script>\n<!-- \/ Yoast SEO plugin. -->","yoast_head_json":{"title":"SmartAAS \u2013 Prenumerera p\u00e5 smart content","description":"SmartAAS \u00e4r en prenumerationstj\u00e4nst f\u00f6r inneh\u00e5ll och annonser som bygger din SEO, ditt varum\u00e4rke och attraherar fler kunder.","robots":{"index":"index","follow":"follow","max-snippet":"max-snippet:-1","max-image-preview":"max-image-preview:large","max-video-preview":"max-video-preview:-1"},"canonical":"https:\/\/smartaas.se\/en\/","og_locale":"en_US","og_type":"article","og_title":"Prenumerera p\u00e5 Smart Content","og_description":"SmartAAS \u00e4r en prenumerationstj\u00e4nst f\u00f6r inneh\u00e5ll och annonser som bygger din SEO, ditt varum\u00e4rke och attraherar fler kunder.","og_url":"https:\/\/smartaas.se\/en\/","og_site_name":"SmartAAS","article_publisher":"https:\/\/www.facebook.com\/smartasaservice","article_modified_time":"2023-11-01T08:26:56+00:00","og_image":[{"width":1200,"height":627,"url":"https:\/\/smartaas.se\/wp-content\/uploads\/1200x627-featuredImage.jpg","type":"image\/jpeg"}],"twitter_card":"summary_large_image","twitter_misc":{"Est. reading time":"3 minutes"},"schema":{"@context":"https:\/\/schema.org","@graph":[{"@type":"WebPage","@id":"https:\/\/smartaas.se\/","url":"https:\/\/smartaas.se\/","name":"SmartAAS \u2013 Prenumerera p\u00e5 smart content","isPartOf":{"@id":"https:\/\/smartaas.se\/#website"},"primaryImageOfPage":{"@id":"https:\/\/smartaas.se\/#primaryimage"},"image":{"@id":"https:\/\/smartaas.se\/#primaryimage"},"thumbnailUrl":"https:\/\/smartaas.se\/wp-content\/uploads\/1200x627-featuredImage.jpg","datePublished":"2023-09-26T12:13:14+00:00","dateModified":"2023-11-01T08:26:56+00:00","description":"SmartAAS \u00e4r en prenumerationstj\u00e4nst f\u00f6r inneh\u00e5ll och annonser som bygger din SEO, ditt varum\u00e4rke och attraherar fler kunder.","breadcrumb":{"@id":"https:\/\/smartaas.se\/#breadcrumb"},"inLanguage":"en-US","potentialAction":[{"@type":"ReadAction","target":["https:\/\/smartaas.se\/"]}]},{"@type":"ImageObject","inLanguage":"en-US","@id":"https:\/\/smartaas.se\/#primaryimage","url":"https:\/\/smartaas.se\/wp-content\/uploads\/1200x627-featuredImage.jpg","contentUrl":"https:\/\/smartaas.se\/wp-content\/uploads\/1200x627-featuredImage.jpg","width":1200,"height":627},{"@type":"BreadcrumbList","@id":"https:\/\/smartaas.se\/#breadcrumb","itemListElement":[{"@type":"ListItem","position":1,"name":"Hem","item":"https:\/\/smartaas.se\/"},{"@type":"ListItem","position":2,"name":"SmartAAS \u2013 Prenumerera p\u00e5 smart content"}]},{"@type":"WebSite","@id":"https:\/\/smartaas.se\/#website","url":"https:\/\/smartaas.se\/","name":"SmartAAS","description":"Prenumerera p\u00e5 smart content \u2013 betala bara f\u00f6r det du beh\u00f6ver.","publisher":{"@id":"https:\/\/smartaas.se\/#organization"},"potentialAction":[{"@type":"SearchAction","target":{"@type":"EntryPoint","urlTemplate":"https:\/\/smartaas.se\/?s={search_term_string}"},"query-input":{"@type":"PropertyValueSpecification","valueRequired":true,"valueName":"search_term_string"}}],"inLanguage":"en-US"},{"@type":"Organization","@id":"https:\/\/smartaas.se\/#organization","name":"SmartAAS","alternateName":"Smart-as-a-Service","url":"https:\/\/smartaas.se\/","logo":{"@type":"ImageObject","inLanguage":"en-US","@id":"https:\/\/smartaas.se\/#\/schema\/logo\/image\/","url":"https:\/\/smartaas.se\/wp-content\/uploads\/animated-logo-with-name.gif","contentUrl":"https:\/\/smartaas.se\/wp-content\/uploads\/animated-logo-with-name.gif","width":200,"height":250,"caption":"SmartAAS"},"image":{"@id":"https:\/\/smartaas.se\/#\/schema\/logo\/image\/"},"sameAs":["https:\/\/www.facebook.com\/smartasaservice","https:\/\/www.linkedin.com\/company\/smartaas\/"]}]}},"_links":{"self":[{"href":"https:\/\/smartaas.se\/en\/wp-json\/wp\/v2\/pages\/14","targetHints":{"allow":["GET"]}}],"collection":[{"href":"https:\/\/smartaas.se\/en\/wp-json\/wp\/v2\/pages"}],"about":[{"href":"https:\/\/smartaas.se\/en\/wp-json\/wp\/v2\/types\/page"}],"author":[{"embeddable":true,"href":"https:\/\/smartaas.se\/en\/wp-json\/wp\/v2\/users\/1"}],"replies":[{"embeddable":true,"href":"https:\/\/smartaas.se\/en\/wp-json\/wp\/v2\/comments?post=14"}],"version-history":[{"count":107,"href":"https:\/\/smartaas.se\/en\/wp-json\/wp\/v2\/pages\/14\/revisions"}],"predecessor-version":[{"id":286,"href":"https:\/\/smartaas.se\/en\/wp-json\/wp\/v2\/pages\/14\/revisions\/286"}],"wp:featuredmedia":[{"embeddable":true,"href":"https:\/\/smartaas.se\/en\/wp-json\/wp\/v2\/media\/272"}],"wp:attachment":[{"href":"https:\/\/smartaas.se\/en\/wp-json\/wp\/v2\/media?parent=14"}],"curies":[{"name":"wp","href":"https:\/\/api.w.org\/{rel}","templated":true}]}}