{"id":127,"date":"2023-10-05T13:28:09","date_gmt":"2023-10-05T13:28:09","guid":{"rendered":"https:\/\/smartaas.se\/?page_id=127"},"modified":"2024-01-28T14:17:31","modified_gmt":"2024-01-28T14:17:31","slug":"smartmarketing-ar-annonsering-med-mal-och-syfte","status":"publish","type":"page","link":"https:\/\/smartaas.se\/en\/smartmarketing-ar-annonsering-med-mal-och-syfte\/","title":{"rendered":"SmartMarketing \u00e4r annonsering med m\u00e5l och syfte"},"content":{"rendered":"<div class=\"wp-block-group smartgrupp-kn\"><div class=\"wp-block-group__inner-container is-layout-constrained wp-block-group-is-layout-constrained\">\n<h1 class=\"wp-block-heading has-text-align-center\"><em>Smart<\/em>Marketing is advertising <br>with aim and purpose.<\/h1>\n<\/div><\/div>\n\n\n\n<div class=\"wp-block-citadela-blocks-custom-container citadela-block-custom-container size-wide bg-type-color inside-space-none has-bg startkluster\" style=\"background-color:rgba(255, 255, 255, 1)\"><div class=\"inner-holder\">\n<div class=\"wp-block-group pricebox2-kn\"><div class=\"wp-block-group__inner-container is-layout-constrained wp-block-group-is-layout-constrained\">\n<h4 class=\"wp-block-heading has-text-align-center\">Marketing doesn't have to be expensive. It's about recouping the investment in new business, new customers and new leads. SmartMarketing is marketing that yield return on investment. We help you with social media ads, banners, landing pages and the customer journey.&nbsp;<\/h4>\n\n\n\n<h3 class=\"wp-block-heading has-text-align-center\">What is SmartMarketing?&nbsp;&nbsp;<\/h3>\n\n\n\n<ul class=\"wp-block-list\">\n<li>Annonser som skapar trafik till din webbplats.<\/li>\n\n\n\n<li>Ads that attract customers with smart offers.<\/li>\n\n\n\n<li>Ads that build your brand and increase your likeability.<\/li>\n\n\n\n<li>Ads with a sales funnel that works throughout the customer journey.<\/li>\n\n\n\n<li>Ads that convert with clear messages and smart CTAs.<\/li>\n<\/ul>\n<\/div><\/div>\n\n\n\n<div class=\"wp-block-group pricebox2-kn\"><div class=\"wp-block-group__inner-container is-layout-constrained wp-block-group-is-layout-constrained\">\n<h3 class=\"wp-block-heading has-text-align-center\">Who needs SmartMarketing?&nbsp;<\/h3>\n\n\n\n<ul class=\"wp-block-list\">\n<li>You who do not have a person responsible for digital marketing but need to create campaigns.<\/li>\n\n\n\n<li>You who do not have enough traffic to your website.<\/li>\n\n\n\n<li>You who are not satisfied with just driving traffic and not getting any conversions.<\/li>\n\n\n\n<li>You who need to grow and are thinking about Growth hacking.<\/li>\n\n\n\n<li>You who feel that you are paying too much for your advertising.<\/li>\n<\/ul>\n<\/div><\/div>\n<\/div><\/div>\n\n\n\n<div class=\"wp-block-group pricebox-kn yellow\"><div class=\"wp-block-group__inner-container is-layout-constrained wp-block-group-is-layout-constrained\">\n<div class=\"wp-block-columns is-layout-flex wp-container-core-columns-is-layout-9d6595d7 wp-block-columns-is-layout-flex\">\n<div class=\"wp-block-column is-layout-flow wp-block-column-is-layout-flow\" style=\"flex-basis:50%\">\n<h6 class=\"wp-block-heading\">Price example<\/h6>\n\n\n\n<h2 class=\"wp-block-heading\">Basic<\/h2>\n<\/div>\n\n\n\n<div class=\"wp-block-column is-layout-flow wp-block-column-is-layout-flow\" style=\"flex-basis:50%\">\n<p>For those who are completely new to online marketing or want to try something new.<\/p>\n<\/div>\n<\/div>\n\n\n\n<div class=\"wp-block-group prispris has-background\" style=\"background-color:#ebda4687\"><div class=\"wp-block-group__inner-container is-layout-constrained wp-block-group-is-layout-constrained\"><div class=\"wp-block-image\">\n<figure class=\"alignleft size-full\"><img loading=\"lazy\" decoding=\"async\" width=\"79\" height=\"86\" src=\"https:\/\/smartaas.se\/wp-content\/uploads\/skissgubbe.png\" alt=\"\" class=\"wp-image-93\"\/><\/figure>\n<\/div>\n\n\n<h3 class=\"wp-block-heading\">from $349\/month<\/h3>\n\n\n\n<p>Try for 30 days without commitment. <br>Gratis uppstartsm\u00f6te.<\/p>\n<\/div><\/div>\n<\/div><\/div>\n\n\n\n<div class=\"wp-block-group pricebox-kn cyan\"><div class=\"wp-block-group__inner-container is-layout-constrained wp-block-group-is-layout-constrained\">\n<div class=\"wp-block-columns is-layout-flex wp-container-core-columns-is-layout-9d6595d7 wp-block-columns-is-layout-flex\">\n<div class=\"wp-block-column is-layout-flow wp-block-column-is-layout-flow\">\n<h6 class=\"wp-block-heading\">Price example<\/h6>\n\n\n\n<h2 class=\"wp-block-heading\">Plus<\/h2>\n<\/div>\n\n\n\n<div class=\"wp-block-column is-layout-flow wp-block-column-is-layout-flow\">\n<p>For those of you who today have an online presence, but feel that you are not getting what you need.<\/p>\n<\/div>\n<\/div>\n\n\n\n<div class=\"wp-block-group prispris has-background\" style=\"background-color:#1de0b075\"><div class=\"wp-block-group__inner-container is-layout-constrained wp-block-group-is-layout-constrained\"><div class=\"wp-block-image\">\n<figure class=\"alignleft size-full\"><img loading=\"lazy\" decoding=\"async\" width=\"79\" height=\"86\" src=\"https:\/\/smartaas.se\/wp-content\/uploads\/skissgubbe.png\" alt=\"\" class=\"wp-image-93\"\/><\/figure>\n<\/div>\n\n\n<h3 class=\"wp-block-heading\">from $495\/month<\/h3>\n\n\n\n<p>Try for 30 days without commitment. <br>Gratis uppstartsm\u00f6te.<\/p>\n<\/div><\/div>\n<\/div><\/div>\n\n\n\n<div class=\"wp-block-group pricebox-kn magenta\"><div class=\"wp-block-group__inner-container is-layout-constrained wp-block-group-is-layout-constrained\">\n<div class=\"wp-block-columns is-layout-flex wp-container-core-columns-is-layout-9d6595d7 wp-block-columns-is-layout-flex\">\n<div class=\"wp-block-column is-layout-flow wp-block-column-is-layout-flow\">\n<h6 class=\"wp-block-heading\">Price example<\/h6>\n\n\n\n<h2 class=\"wp-block-heading\">Extra\u00adPlus<\/h2>\n<\/div>\n\n\n\n<div class=\"wp-block-column is-layout-flow wp-block-column-is-layout-flow\">\n<p>For those who today have a solid online presence, but pay too much or don't see the results of the investments.<\/p>\n<\/div>\n<\/div>\n\n\n\n<div class=\"wp-block-group prispris has-background\" style=\"background-color:#ff006f75\"><div class=\"wp-block-group__inner-container is-layout-constrained wp-block-group-is-layout-constrained\"><div class=\"wp-block-image\">\n<figure class=\"alignleft size-full\"><img loading=\"lazy\" decoding=\"async\" width=\"79\" height=\"86\" src=\"https:\/\/smartaas.se\/wp-content\/uploads\/skissgubbe.png\" alt=\"\" class=\"wp-image-93\"\/><\/figure>\n<\/div>\n\n\n<h3 class=\"wp-block-heading\">from $995\/month<\/h3>\n\n\n\n<p>Try for 30 days without commitment. <br>Gratis uppstartsm\u00f6te.<\/p>\n<\/div><\/div>\n<\/div><\/div>\n\n\n\n<div class=\"wp-block-citadela-blocks-custom-container citadela-block-custom-container size-wide bg-type-color inside-space-none has-bg vitemellan\" style=\"background-color:rgba(255, 255, 255, 1)\"><div class=\"inner-holder\">\n<div class=\"wp-block-group bollar-kn\"><div class=\"wp-block-group__inner-container is-layout-constrained wp-block-group-is-layout-constrained\">\n<div class=\"wp-block-group storboll-kn\"><div class=\"wp-block-group__inner-container is-layout-constrained wp-block-group-is-layout-constrained\">\n<h2 class=\"wp-block-heading has-text-align-center\">SmartMarketing is a subscription service.<\/h2>\n\n\n\n<p class=\"has-text-align-left\">If you subscribe to SmartMarketing, you only pay for what you need. You don't have to pay for expensive dinners, commercial film trips and golden cappuccinos. You use your subscription for what you need. It can be ads in social media, boosted posts to the right target group, GoogleAds, banners, landing pages, mailings or almost anything. Proven solutions that deliver results. You decide. We produce.&nbsp;<\/p>\n<\/div><\/div>\n<\/div><\/div>\n\n\n\n<div class=\"wp-block-group kontaktruta-kn\"><div class=\"wp-block-group__inner-container is-layout-constrained wp-block-group-is-layout-constrained\">\n<h3 class=\"wp-block-heading has-text-align-center\">I also want SmartMarketing<\/h3>\n\n\n\n<div class=\"wp-block-contact-form-7-contact-form-selector form-kn\">\n<div class=\"wpcf7 no-js\" id=\"wpcf7-f56-o1\" lang=\"sv-SE\" dir=\"ltr\" data-wpcf7-id=\"56\">\n<div class=\"screen-reader-response\"><p role=\"status\" aria-live=\"polite\" aria-atomic=\"true\"><\/p> <ul><\/ul><\/div>\n<form action=\"\/en\/wp-json\/wp\/v2\/pages\/127#wpcf7-f56-o1\" method=\"post\" class=\"wpcf7-form init\" aria-label=\"Kontaktformul\u00e4r\" novalidate=\"novalidate\" data-status=\"init\" data-trp-original-action=\"\/en\/wp-json\/wp\/v2\/pages\/127#wpcf7-f56-o1\">\n<div style=\"display: none;\">\n<input type=\"hidden\" name=\"_wpcf7\" value=\"56\" \/>\n<input type=\"hidden\" name=\"_wpcf7_version\" value=\"6.0.3\" \/>\n<input type=\"hidden\" name=\"_wpcf7_locale\" value=\"sv_SE\" \/>\n<input type=\"hidden\" name=\"_wpcf7_unit_tag\" value=\"wpcf7-f56-o1\" \/>\n<input type=\"hidden\" name=\"_wpcf7_container_post\" value=\"0\" \/>\n<input type=\"hidden\" name=\"_wpcf7_posted_data_hash\" value=\"\" \/>\n<\/div>\n<div class=\"uacf7-form-56\"><label>Name\n    <span class=\"wpcf7-form-control-wrap\" data-name=\"your-name\"><input size=\"40\" maxlength=\"400\" class=\"wpcf7-form-control wpcf7-text wpcf7-validates-as-required\" autocomplete=\"name\" aria-required=\"true\" aria-invalid=\"false\" value=\"\" type=\"text\" name=\"your-name\" \/><\/span> <\/label>\n\n<label>E-mail\n    <span class=\"wpcf7-form-control-wrap\" data-name=\"your-email\"><input size=\"40\" maxlength=\"400\" class=\"wpcf7-form-control wpcf7-email wpcf7-validates-as-required wpcf7-text wpcf7-validates-as-email\" autocomplete=\"email\" aria-required=\"true\" aria-invalid=\"false\" value=\"\" type=\"email\" name=\"your-email\" \/><\/span> <\/label>\n\n<label>Phone\n    <span class=\"wpcf7-form-control-wrap\" data-name=\"your-phone\"><input size=\"40\" maxlength=\"400\" class=\"wpcf7-form-control wpcf7-text\" aria-invalid=\"false\" value=\"\" type=\"text\" name=\"your-phone\" \/><\/span> <\/label>\n\n<label> Message (optional)\n    <span class=\"wpcf7-form-control-wrap\" data-name=\"your-message\"><textarea cols=\"40\" rows=\"10\" maxlength=\"2000\" class=\"wpcf7-form-control wpcf7-textarea\" aria-invalid=\"false\" name=\"your-message\"><\/textarea><\/span> <\/label>\n\n<span class=\"wpcf7-form-control-wrap\" data-name=\"Nyhetsbrev\"><span class=\"wpcf7-form-control wpcf7-checkbox\"><span class=\"wpcf7-list-item first last\"><label><input type=\"checkbox\" name=\"Nyhetsbrev[]\" value=\"Jag vill ha ert nyhetsbrev\" \/><span class=\"wpcf7-list-item-label\">I want your newsletter<\/span><\/label><\/span><\/span><\/span>\n\n<input class=\"wpcf7-form-control wpcf7-submit has-spinner\" type=\"submit\" value=\"Try SmartAAS\" \/><\/div><div class=\"wpcf7-response-output\" aria-hidden=\"true\"><\/div>\n<input type=\"hidden\" name=\"trp-form-language\" value=\"en\"\/><\/form>\n<\/div>\n<\/div>\n<\/div><\/div>\n<\/div><\/div>\n\n\n\n<div class=\"wp-block-group internallink-kn\"><div class=\"wp-block-group__inner-container is-layout-constrained wp-block-group-is-layout-constrained\">\n<h3 class=\"wp-block-heading\">Combine SmartMarketing with SmartContent<\/h3>\n\n\n\n<p class=\"has-text-align-left\">SmartContent is social media posts, blogs, newsletter content and other information that builds your SEO, strengthens your customer journey, your brand and attracts more customers.<\/p>\n\n\n\n<p class=\"has-text-align-left\"><a href=\"https:\/\/smartaas.se\/en\/smartcontent-ar-innehall-med-mal-och-syfte\/\">Learn more about SmartContent\u2122<\/a><\/p>\n<\/div><\/div>\n\n\n\n<div class=\"wp-block-group bollar-kn\"><div class=\"wp-block-group__inner-container is-layout-constrained wp-block-group-is-layout-constrained\">\n<div class=\"wp-block-group boll-kn magentaboll\"><div class=\"wp-block-group__inner-container is-layout-constrained wp-block-group-is-layout-constrained\">\n<h2 class=\"wp-block-heading has-text-align-center\">What is new is not <br>always revolutionary<\/h2>\n\n\n\n<p class=\"has-text-align-center\">Often, proven solutions can provide the best effect.<\/p>\n<\/div><\/div>\n\n\n\n<div class=\"wp-block-group boll-kn gronboll\"><div class=\"wp-block-group__inner-container is-layout-constrained wp-block-group-is-layout-constrained\">\n<h2 class=\"wp-block-heading has-text-align-center\">If you don't like it, others <br>probably don't either<\/h2>\n\n\n\n<p class=\"has-text-align-center\">Be considerate and likable in everything you say about yourself.<\/p>\n<\/div><\/div>\n<\/div><\/div>\n\n\n\n<div class=\"wp-block-group bollar-kn\"><div class=\"wp-block-group__inner-container is-layout-constrained wp-block-group-is-layout-constrained\">\n<div class=\"wp-block-group boll-kn yellowboll\"><div class=\"wp-block-group__inner-container is-layout-constrained wp-block-group-is-layout-constrained\">\n<h2 class=\"wp-block-heading has-text-align-center\">Advertising does not have <br>to be expensive to work<\/h2>\n\n\n\n<p class=\"has-text-align-center\">Everyone can afford what can yield return immediately.<\/p>\n<\/div><\/div>\n\n\n\n<div class=\"wp-block-group boll-kn blueboll\"><div class=\"wp-block-group__inner-container is-layout-constrained wp-block-group-is-layout-constrained\">\n<h2 class=\"wp-block-heading has-text-align-center\">Everyone has access <br>to the same \u201cbig data\u201d<\/h2>\n\n\n\n<p class=\"has-text-align-center\">Creativity and good craftsmanship set you apart from the crowd.<\/p>\n<\/div><\/div>\n<\/div><\/div>\n\n\n<div class=\"wp-block-image facebook-kn\">\n<figure class=\"aligncenter size-full\"><a href=\"https:\/\/www.facebook.com\/smartasaservice\"><img loading=\"lazy\" decoding=\"async\" width=\"300\" height=\"300\" src=\"https:\/\/smartaas.se\/wp-content\/uploads\/300x300-facebook-Logo.png\" alt=\"\" class=\"wp-image-171\" srcset=\"https:\/\/smartaas.se\/wp-content\/uploads\/300x300-facebook-Logo.png 300w, https:\/\/smartaas.se\/wp-content\/uploads\/300x300-facebook-Logo-150x150.png 150w\" sizes=\"auto, (max-width: 300px) 100vw, 300px\" \/><\/a><\/figure>\n<\/div>","protected":false},"excerpt":{"rendered":"<p>SmartMarketing \u00e4r annonsering med m\u00e5l och syfte. Prisexempel Grund F\u00f6r dig som \u00e4r helt ny p\u00e5 online marknadsf\u00f6ring eller vill testa n\u00e5got nytt. fr\u00e5n 3.495 kr\/m\u00e5nad Prova p\u00e5 30 dagar utan bindning. Gratis uppstartsm\u00f6te. Prisexempel Plus F\u00f6r dig som idag har en online n\u00e4rvaro, men k\u00e4nner att du inte f\u00e5r vad du beh\u00f6ver. fr\u00e5n 4.950 [&hellip;]<\/p>","protected":false},"author":1,"featured_media":0,"parent":0,"menu_order":0,"comment_status":"closed","ping_status":"closed","template":"","meta":{"inline_featured_image":false,"_citadela_hide_page_title":"1","_citadela_remove_header_space":"1","_citadela_custom_class":"","_citadela_half_map_provider":"","_citadela_half_map_theme":"","_citadela_half_map_themeOSM":"","_citadela_half_map_customTheme":"","_citadela_half_map_dataType":"","_citadela_half_map_dynamicTrack":false,"_citadela_half_map_trackColor":"","_citadela_half_map_trackEndpointsColor":"","_citadela_half_map_filterCategory":"","_citadela_half_map_filterLocation":"","_citadela_half_map_filterFeatured":false,"_citadela_half_map_noDataBehavior":"empty-map","_citadela_half_map_noDataText":"","_citadela_half_map_clusterGridSize":80,"_citadela_header":false,"_citadela_header_over_content":false,"_citadela_header_text_color":"","_citadela_header_logo":[],"_citadela_header_bg_image":[],"_citadela_header_bg_position":{"x":0.5,"y":0.5},"_citadela_header_bg_size":"cover","_citadela_header_bg_repeat":"no-repeat","_citadela_header_bg_fixed":false,"_citadela_header_bg_color":"","_citadela_header_bg_image_overlay":"","_citadela_header_transparent_bg":false,"_citadela_content_width":"","_citadela_half_layout_position":"","footnotes":""},"class_list":["post-127","page","type-page","status-publish","hentry"],"yoast_head":"<!-- This site is optimized with the Yoast SEO plugin v24.2 - https:\/\/yoast.com\/wordpress\/plugins\/seo\/ -->\n<title>SmartMarketing \u00e4r annonsering med m\u00e5l och syfte.<\/title>\n<meta name=\"description\" content=\"SmartMarketing \u00e4r marknadsf\u00f6ring som g\u00e5r att r\u00e4kna hem. Vi hj\u00e4lper dig med annonser i sociala medier, banners, landningssidor och kundresan.\" \/>\n<meta name=\"robots\" content=\"index, follow, max-snippet:-1, max-image-preview:large, max-video-preview:-1\" \/>\n<link rel=\"canonical\" href=\"https:\/\/smartaas.se\/en\/smartmarketing-ar-annonsering-med-mal-och-syfte\/\" \/>\n<meta property=\"og:locale\" content=\"en_US\" \/>\n<meta property=\"og:type\" content=\"article\" \/>\n<meta property=\"og:title\" content=\"SmartMarketing \u00e4r annonsering med m\u00e5l och syfte.\" \/>\n<meta property=\"og:description\" content=\"SmartMarketing \u00e4r marknadsf\u00f6ring som g\u00e5r att r\u00e4kna hem. Vi hj\u00e4lper dig med annonser i sociala medier, banners, landningssidor och kundresan.\" \/>\n<meta property=\"og:url\" content=\"https:\/\/smartaas.se\/en\/smartmarketing-ar-annonsering-med-mal-och-syfte\/\" \/>\n<meta property=\"og:site_name\" content=\"SmartAAS\" \/>\n<meta property=\"article:publisher\" content=\"https:\/\/www.facebook.com\/smartasaservice\" \/>\n<meta property=\"article:modified_time\" content=\"2024-01-28T14:17:31+00:00\" \/>\n<meta property=\"og:image\" content=\"https:\/\/smartaas.se\/wp-content\/uploads\/skissgubbe.png\" \/>\n<meta name=\"twitter:card\" content=\"summary_large_image\" \/>\n<meta name=\"twitter:label1\" content=\"Est. reading time\" \/>\n\t<meta name=\"twitter:data1\" content=\"3 minutes\" \/>\n<script type=\"application\/ld+json\" class=\"yoast-schema-graph\">{\"@context\":\"https:\/\/schema.org\",\"@graph\":[{\"@type\":\"WebPage\",\"@id\":\"https:\/\/smartaas.se\/smartmarketing-ar-annonsering-med-mal-och-syfte\/\",\"url\":\"https:\/\/smartaas.se\/smartmarketing-ar-annonsering-med-mal-och-syfte\/\",\"name\":\"SmartMarketing \u00e4r annonsering med m\u00e5l och syfte.\",\"isPartOf\":{\"@id\":\"https:\/\/smartaas.se\/#website\"},\"primaryImageOfPage\":{\"@id\":\"https:\/\/smartaas.se\/smartmarketing-ar-annonsering-med-mal-och-syfte\/#primaryimage\"},\"image\":{\"@id\":\"https:\/\/smartaas.se\/smartmarketing-ar-annonsering-med-mal-och-syfte\/#primaryimage\"},\"thumbnailUrl\":\"https:\/\/smartaas.se\/wp-content\/uploads\/skissgubbe.png\",\"datePublished\":\"2023-10-05T13:28:09+00:00\",\"dateModified\":\"2024-01-28T14:17:31+00:00\",\"description\":\"SmartMarketing \u00e4r marknadsf\u00f6ring som g\u00e5r att r\u00e4kna hem. Vi hj\u00e4lper dig med annonser i sociala medier, banners, landningssidor och kundresan.\",\"breadcrumb\":{\"@id\":\"https:\/\/smartaas.se\/smartmarketing-ar-annonsering-med-mal-och-syfte\/#breadcrumb\"},\"inLanguage\":\"en-US\",\"potentialAction\":[{\"@type\":\"ReadAction\",\"target\":[\"https:\/\/smartaas.se\/smartmarketing-ar-annonsering-med-mal-och-syfte\/\"]}]},{\"@type\":\"ImageObject\",\"inLanguage\":\"en-US\",\"@id\":\"https:\/\/smartaas.se\/smartmarketing-ar-annonsering-med-mal-och-syfte\/#primaryimage\",\"url\":\"https:\/\/smartaas.se\/wp-content\/uploads\/skissgubbe.png\",\"contentUrl\":\"https:\/\/smartaas.se\/wp-content\/uploads\/skissgubbe.png\"},{\"@type\":\"BreadcrumbList\",\"@id\":\"https:\/\/smartaas.se\/smartmarketing-ar-annonsering-med-mal-och-syfte\/#breadcrumb\",\"itemListElement\":[{\"@type\":\"ListItem\",\"position\":1,\"name\":\"Hem\",\"item\":\"https:\/\/smartaas.se\/\"},{\"@type\":\"ListItem\",\"position\":2,\"name\":\"SmartMarketing \u00e4r annonsering med m\u00e5l och syfte\"}]},{\"@type\":\"WebSite\",\"@id\":\"https:\/\/smartaas.se\/#website\",\"url\":\"https:\/\/smartaas.se\/\",\"name\":\"SmartAAS\",\"description\":\"Prenumerera p\u00e5 smart content \u2013 betala bara f\u00f6r det du beh\u00f6ver.\",\"publisher\":{\"@id\":\"https:\/\/smartaas.se\/#organization\"},\"potentialAction\":[{\"@type\":\"SearchAction\",\"target\":{\"@type\":\"EntryPoint\",\"urlTemplate\":\"https:\/\/smartaas.se\/?s={search_term_string}\"},\"query-input\":{\"@type\":\"PropertyValueSpecification\",\"valueRequired\":true,\"valueName\":\"search_term_string\"}}],\"inLanguage\":\"en-US\"},{\"@type\":\"Organization\",\"@id\":\"https:\/\/smartaas.se\/#organization\",\"name\":\"SmartAAS\",\"alternateName\":\"Smart-as-a-Service\",\"url\":\"https:\/\/smartaas.se\/\",\"logo\":{\"@type\":\"ImageObject\",\"inLanguage\":\"en-US\",\"@id\":\"https:\/\/smartaas.se\/#\/schema\/logo\/image\/\",\"url\":\"https:\/\/smartaas.se\/wp-content\/uploads\/animated-logo-with-name.gif\",\"contentUrl\":\"https:\/\/smartaas.se\/wp-content\/uploads\/animated-logo-with-name.gif\",\"width\":200,\"height\":250,\"caption\":\"SmartAAS\"},\"image\":{\"@id\":\"https:\/\/smartaas.se\/#\/schema\/logo\/image\/\"},\"sameAs\":[\"https:\/\/www.facebook.com\/smartasaservice\",\"https:\/\/www.linkedin.com\/company\/smartaas\/\"]}]}<\/script>\n<!-- \/ Yoast SEO plugin. -->","yoast_head_json":{"title":"SmartMarketing \u00e4r annonsering med m\u00e5l och syfte.","description":"SmartMarketing \u00e4r marknadsf\u00f6ring som g\u00e5r att r\u00e4kna hem. Vi hj\u00e4lper dig med annonser i sociala medier, banners, landningssidor och kundresan.","robots":{"index":"index","follow":"follow","max-snippet":"max-snippet:-1","max-image-preview":"max-image-preview:large","max-video-preview":"max-video-preview:-1"},"canonical":"https:\/\/smartaas.se\/en\/smartmarketing-ar-annonsering-med-mal-och-syfte\/","og_locale":"en_US","og_type":"article","og_title":"SmartMarketing \u00e4r annonsering med m\u00e5l och syfte.","og_description":"SmartMarketing \u00e4r marknadsf\u00f6ring som g\u00e5r att r\u00e4kna hem. Vi hj\u00e4lper dig med annonser i sociala medier, banners, landningssidor och kundresan.","og_url":"https:\/\/smartaas.se\/en\/smartmarketing-ar-annonsering-med-mal-och-syfte\/","og_site_name":"SmartAAS","article_publisher":"https:\/\/www.facebook.com\/smartasaservice","article_modified_time":"2024-01-28T14:17:31+00:00","og_image":[{"url":"https:\/\/smartaas.se\/wp-content\/uploads\/skissgubbe.png","type":"","width":"","height":""}],"twitter_card":"summary_large_image","twitter_misc":{"Est. reading time":"3 minutes"},"schema":{"@context":"https:\/\/schema.org","@graph":[{"@type":"WebPage","@id":"https:\/\/smartaas.se\/smartmarketing-ar-annonsering-med-mal-och-syfte\/","url":"https:\/\/smartaas.se\/smartmarketing-ar-annonsering-med-mal-och-syfte\/","name":"SmartMarketing \u00e4r annonsering med m\u00e5l och syfte.","isPartOf":{"@id":"https:\/\/smartaas.se\/#website"},"primaryImageOfPage":{"@id":"https:\/\/smartaas.se\/smartmarketing-ar-annonsering-med-mal-och-syfte\/#primaryimage"},"image":{"@id":"https:\/\/smartaas.se\/smartmarketing-ar-annonsering-med-mal-och-syfte\/#primaryimage"},"thumbnailUrl":"https:\/\/smartaas.se\/wp-content\/uploads\/skissgubbe.png","datePublished":"2023-10-05T13:28:09+00:00","dateModified":"2024-01-28T14:17:31+00:00","description":"SmartMarketing \u00e4r marknadsf\u00f6ring som g\u00e5r att r\u00e4kna hem. Vi hj\u00e4lper dig med annonser i sociala medier, banners, landningssidor och kundresan.","breadcrumb":{"@id":"https:\/\/smartaas.se\/smartmarketing-ar-annonsering-med-mal-och-syfte\/#breadcrumb"},"inLanguage":"en-US","potentialAction":[{"@type":"ReadAction","target":["https:\/\/smartaas.se\/smartmarketing-ar-annonsering-med-mal-och-syfte\/"]}]},{"@type":"ImageObject","inLanguage":"en-US","@id":"https:\/\/smartaas.se\/smartmarketing-ar-annonsering-med-mal-och-syfte\/#primaryimage","url":"https:\/\/smartaas.se\/wp-content\/uploads\/skissgubbe.png","contentUrl":"https:\/\/smartaas.se\/wp-content\/uploads\/skissgubbe.png"},{"@type":"BreadcrumbList","@id":"https:\/\/smartaas.se\/smartmarketing-ar-annonsering-med-mal-och-syfte\/#breadcrumb","itemListElement":[{"@type":"ListItem","position":1,"name":"Hem","item":"https:\/\/smartaas.se\/"},{"@type":"ListItem","position":2,"name":"SmartMarketing \u00e4r annonsering med m\u00e5l och syfte"}]},{"@type":"WebSite","@id":"https:\/\/smartaas.se\/#website","url":"https:\/\/smartaas.se\/","name":"SmartAAS","description":"Prenumerera p\u00e5 smart content \u2013 betala bara f\u00f6r det du beh\u00f6ver.","publisher":{"@id":"https:\/\/smartaas.se\/#organization"},"potentialAction":[{"@type":"SearchAction","target":{"@type":"EntryPoint","urlTemplate":"https:\/\/smartaas.se\/?s={search_term_string}"},"query-input":{"@type":"PropertyValueSpecification","valueRequired":true,"valueName":"search_term_string"}}],"inLanguage":"en-US"},{"@type":"Organization","@id":"https:\/\/smartaas.se\/#organization","name":"SmartAAS","alternateName":"Smart-as-a-Service","url":"https:\/\/smartaas.se\/","logo":{"@type":"ImageObject","inLanguage":"en-US","@id":"https:\/\/smartaas.se\/#\/schema\/logo\/image\/","url":"https:\/\/smartaas.se\/wp-content\/uploads\/animated-logo-with-name.gif","contentUrl":"https:\/\/smartaas.se\/wp-content\/uploads\/animated-logo-with-name.gif","width":200,"height":250,"caption":"SmartAAS"},"image":{"@id":"https:\/\/smartaas.se\/#\/schema\/logo\/image\/"},"sameAs":["https:\/\/www.facebook.com\/smartasaservice","https:\/\/www.linkedin.com\/company\/smartaas\/"]}]}},"_links":{"self":[{"href":"https:\/\/smartaas.se\/en\/wp-json\/wp\/v2\/pages\/127","targetHints":{"allow":["GET"]}}],"collection":[{"href":"https:\/\/smartaas.se\/en\/wp-json\/wp\/v2\/pages"}],"about":[{"href":"https:\/\/smartaas.se\/en\/wp-json\/wp\/v2\/types\/page"}],"author":[{"embeddable":true,"href":"https:\/\/smartaas.se\/en\/wp-json\/wp\/v2\/users\/1"}],"replies":[{"embeddable":true,"href":"https:\/\/smartaas.se\/en\/wp-json\/wp\/v2\/comments?post=127"}],"version-history":[{"count":8,"href":"https:\/\/smartaas.se\/en\/wp-json\/wp\/v2\/pages\/127\/revisions"}],"predecessor-version":[{"id":299,"href":"https:\/\/smartaas.se\/en\/wp-json\/wp\/v2\/pages\/127\/revisions\/299"}],"wp:attachment":[{"href":"https:\/\/smartaas.se\/en\/wp-json\/wp\/v2\/media?parent=127"}],"curies":[{"name":"wp","href":"https:\/\/api.w.org\/{rel}","templated":true}]}}